{"id":6,"date":"2026-05-15T18:44:20","date_gmt":"2026-05-15T18:44:20","guid":{"rendered":"https:\/\/firsthousingrealtygroup.com\/?page_id=6"},"modified":"2026-05-15T19:15:38","modified_gmt":"2026-05-15T19:15:38","slug":"mesmerize","status":"publish","type":"page","link":"https:\/\/firsthousingrealtygroup.com\/","title":{"rendered":"Front Page"},"content":{"rendered":"<div  id=\"content-1\" style=\"background-color: #f5fafd;\" data-label=\"Content\" data-id=\"content-7-mc\" data-export-id=\"content-7-mc\" data-category=\"content\" class=\"content-7-mc content-section content-section-spacing\"><div  class=\"gridContainer\"> <div  class=\"row middle-sm\"><div  class=\"col-sm-6 space-bottom-xs\" data-type=\"column\"> <h2  class=\"\">First Housing Realty Group<\/h2> <p  class=\"\">First Housing Realty Group has been operating right here in Florida and serving the local Tampa Bay market since 2006, specializing in residential property buyers, property listings, short sales, and foreclosures.<br >Professional Profile and Credentials<br >Experience: Active in the local Tampa market for 20 years.<br >Languages: Fully bilingual, offering services in both English and Spanish.<br >Core Specialties: Focused primarily on residential transactions, investment properties, foreclosures, and short sales.<br >First Housing Realty Group features the best realtors in the Tampa Bay area..<br ><br ><br ><br >Contacto:<br > Daniel Echevarria:813-451-8221<br >email:echevarria_homes@yahoo.com<\/p> <a  class=\"button color1\" href=\"#\">LEARN MORE<\/a><\/div> <div  class=\"col-sm-6\" data-type=\"column\"> <img  decoding=\"async\" class=\"shadow-large\" src=\"https:\/\/firsthousingrealtygroup.com\/wp-content\/uploads\/2026\/05\/cropped-MARY-LOGO-1.jpg\" title=\"cropped-MARY-LOGO-1.jpg\" alt=\"\"><\/div> <\/div><\/div> <\/div><div  id=\"content-2\" style=\"background-color: #ffffff;\" data-label=\"Content\" data-id=\"content-8-mc\" data-export-id=\"content-8-mc\" data-category=\"content\" class=\"content-8-mc content-section content-section-spacing\"><div  class=\"gridContainer\"> <div  class=\"row middle-sm\"><div  class=\"col-sm-6 space-bottom-xs space-top-xs\" data-type=\"column\"> <img  decoding=\"async\" class=\"shadow-large\" src=\"https:\/\/firsthousingrealtygroup.com\/wp-content\/uploads\/2026\/05\/cropped-roberto-daniel-1-1.jpg\" title=\"cropped-roberto-daniel-1-1.jpg\" alt=\"\"><\/div> <div  class=\"col-sm-6\" data-type=\"column\"><h2  class=\"\">Roberto de la Rosa<\/h2> <p  class=\"\"><br >First Housing Realty Group ha estado operando aqu\u00ed mismo en Florida y prestando servicios al mercado local de Tampa Bay desde 2006, especializ\u00e1ndose en compradores de propiedades residenciales, listados de propiedades, ventas cortas y ejecuciones hipotecarias.<br ><br >Perfil profesional y credenciales<br >Experiencia: Activo en el mercado local de Tampa desde hace 20 a\u00f1os.<br >Idiomas: Totalmente biling\u00fce, ofreciendo servicios tanto en ingl\u00e9s como en espa\u00f1ol.<br >Especialidades principales: Enfocado principalmente en transacciones residenciales, propiedades de inversi\u00f3n, ejecuciones hipotecarias y ventas cortas.<br >First Housing Realty Group cuenta con los mejores realtor en la bah\u00eda de Tampa.\n<br >Roberto de la Rosa:(813)370-7843<br >email:robertotampa2020@gmail.com<\/p> <a  class=\"button color1\" href=\"#\">LEARN MORE<\/a><\/div> <\/div><\/div> <\/div><div  id=\"contact-1\" style=\"background-color: #ffffff;\" data-label=\"Contact\" data-id=\"contact-1-mc\" data-export-id=\"contact-1-mc\" data-bullets-visibility=\"true\" data-category=\"contact\" class=\"contact-1-mc content-section content-section-spacing white-text\" data-parallax-depth=\"20\"><div  class=\"gridContainer\"> <div  class=\"row text-center\"><div  class=\"section-title-col\" data-type=\"column\"> <h5  class=\"\">CONNECT WITH US<\/h5> <h2  class=\"\">Contact us<\/h2> <p  class=\"lead\">Contacto:<br >Daniel Echevarria:813-451-8221<br >email:echevarria_homes@yahoo.com\n<br >Roberto de la Rosa:(813)370-7843\n<br >email:robertotampa2020@gmail.com<\/p><\/div> <\/div> <div  class=\"row text-center\"> <div  class=\"col-xs-12 col-sm-8 col-sm-offset-2 contact-form-wrapper inline-info\"> <div  class=\"card large-padding\"> <div  class=\"\" data-content-shortcode=\"mesmerize_contact_form\" data-editable=\"true\"><p style=\"text-align:center;color:#ababab\">Contact form will be displayed here. To activate it you have to set the \"contact form shortcode\" parameter in Customizer.<\/p><\/div><\/div> <\/div><\/div> <\/div><\/div>","protected":false},"excerpt":{"rendered":"<p>First Housing Realty Group First Housing Realty Group has been operating right here in Florida and serving the local Tampa Bay market since 2006, specializing in residential property buyers, property listings, short sales, and foreclosures.Professional Profile and CredentialsExperience: Active in the local Tampa market for 20 years.Languages: Fully bilingual, offering services in both English and&hellip; <br \/> <a class=\"read-more\" href=\"https:\/\/firsthousingrealtygroup.com\/\">Read more<\/a><\/p>\n","protected":false},"author":1,"featured_media":0,"parent":0,"menu_order":0,"comment_status":"closed","ping_status":"closed","template":"page-templates\/homepage.php","meta":{"footnotes":""},"class_list":["post-6","page","type-page","status-publish","hentry"],"_links":{"self":[{"href":"https:\/\/firsthousingrealtygroup.com\/index.php?rest_route=\/wp\/v2\/pages\/6","targetHints":{"allow":["GET"]}}],"collection":[{"href":"https:\/\/firsthousingrealtygroup.com\/index.php?rest_route=\/wp\/v2\/pages"}],"about":[{"href":"https:\/\/firsthousingrealtygroup.com\/index.php?rest_route=\/wp\/v2\/types\/page"}],"author":[{"embeddable":true,"href":"https:\/\/firsthousingrealtygroup.com\/index.php?rest_route=\/wp\/v2\/users\/1"}],"replies":[{"embeddable":true,"href":"https:\/\/firsthousingrealtygroup.com\/index.php?rest_route=%2Fwp%2Fv2%2Fcomments&post=6"}],"version-history":[{"count":4,"href":"https:\/\/firsthousingrealtygroup.com\/index.php?rest_route=\/wp\/v2\/pages\/6\/revisions"}],"predecessor-version":[{"id":23,"href":"https:\/\/firsthousingrealtygroup.com\/index.php?rest_route=\/wp\/v2\/pages\/6\/revisions\/23"}],"wp:attachment":[{"href":"https:\/\/firsthousingrealtygroup.com\/index.php?rest_route=%2Fwp%2Fv2%2Fmedia&parent=6"}],"curies":[{"name":"wp","href":"https:\/\/api.w.org\/{rel}","templated":true}]}}